{"id":3,"date":"2026-03-06T14:34:35","date_gmt":"2026-03-06T14:34:35","guid":{"rendered":"https:\/\/des-ag.net\/?page_id=3"},"modified":"2026-03-21T10:46:11","modified_gmt":"2026-03-21T10:46:11","slug":"privacy-policy","status":"publish","type":"page","link":"https:\/\/des-ag.net\/?page_id=3","title":{"rendered":"Datenschutzerkl\u00e4rung"},"content":{"rendered":"\t\t<div data-elementor-type=\"wp-page\" data-elementor-id=\"3\" class=\"elementor elementor-3\">\n\t\t\t\t<div class=\"elementor-element elementor-element-783a9032 e-flex e-con-boxed e-con e-parent\" data-id=\"783a9032\" data-element_type=\"container\" data-e-type=\"container\">\n\t\t\t\t\t<div class=\"e-con-inner\">\n\t\t<div class=\"elementor-element elementor-element-aac5128 e-con-full e-flex e-con e-child\" data-id=\"aac5128\" data-element_type=\"container\" data-e-type=\"container\">\n\t\t\t\t<div class=\"elementor-element elementor-element-2d1e543 elementor-widget elementor-widget-image\" data-id=\"2d1e543\" data-element_type=\"widget\" data-e-type=\"widget\" data-widget_type=\"image.default\">\n\t\t\t\t\t\t\t\t\t\t\t\t\t\t\t<img fetchpriority=\"high\" decoding=\"async\" width=\"1738\" height=\"322\" src=\"https:\/\/des-ag.net\/wp-content\/uploads\/2026\/03\/Server-Racks.png\" class=\"attachment-full size-full wp-image-135\" alt=\"\" srcset=\"https:\/\/des-ag.net\/wp-content\/uploads\/2026\/03\/Server-Racks.png 1738w, https:\/\/des-ag.net\/wp-content\/uploads\/2026\/03\/Server-Racks-300x56.png 300w, https:\/\/des-ag.net\/wp-content\/uploads\/2026\/03\/Server-Racks-1024x190.png 1024w, https:\/\/des-ag.net\/wp-content\/uploads\/2026\/03\/Server-Racks-768x142.png 768w, https:\/\/des-ag.net\/wp-content\/uploads\/2026\/03\/Server-Racks-1536x285.png 1536w\" sizes=\"(max-width: 1738px) 100vw, 1738px\" \/>\t\t\t\t\t\t\t\t\t\t\t\t\t\t\t<\/div>\n\t\t\t\t<\/div>\n\t\t\t\t<div class=\"elementor-element elementor-element-52be2125 elementor-widget elementor-widget-text-editor\" data-id=\"52be2125\" data-element_type=\"widget\" data-e-type=\"widget\" data-widget_type=\"text-editor.default\">\n\t\t\t\t\t\t\t\t\t\n<h2 class=\"wp-block-heading\">Datenerhebung und Verarbeitung bei Zugriffen aus dem Internet<\/h2>\n<p>Beim Besuch auf unserer Webseite speichern unsere Server die Zugriffe in einer Protokollierungsdatei. Folgende Daten werden dabei erfasst und automatisiert nach 72 Stunden gel\u00f6scht:<\/p>\n<h3>Protokollierungsdatei<\/h3>\n<ul>\n<li>IPv4-Adresse (anonymisiert), ggf. IPv6-Adresse (anonymisiert)<\/li>\n<li>Datum und Uhrzeit des Zugriffs<\/li>\n<li>Bezeichnung und URL der Anfrage<\/li>\n<li>Angefragte und \u00fcbertragende Menge<\/li>\n<li>Status, ob der Zugriff erfolgreich war<\/li>\n<li>Erkennung des Betriebssystems<\/li>\n<li>Erkennung von Browser-Versionen<\/li>\n<li>HTTP-Referer<\/li>\n<\/ul>\n<h2>Datenerhebung bei Kontaktformularen<\/h2>\n<p>Sofern Sie Ihre Kontaktanfrage \u00fcber unserer Webseite senden, erheben wir f\u00fcr den Anlass folgende Daten im Sinne der Kontaktaufnahme:<\/p>\n<h3>Kontaktformular<\/h3>\n<ul>\n<li>Ihren Namen<\/li>\n<li>Ihre E-Mail-Adresse<\/li>\n<\/ul>\n<p>\u00a0<\/p>\n<h3>reCAPTCHA bei Kontaktformularen<\/h3>\n<p>Zum Schutz gegen Spam und Angriffen verwenden wir beim Absenden des Kontaktformulars den Dienst reCAPTCHA des Unternehmens Google Inc. Dabei werden Ihre IP-Adresse und ben\u00f6tigte Daten an Google \u00fcbertragen. Die f\u00fcr diesen Webservice geltenden Datenschutzbestimmungen k\u00f6nnen Sie unter\u00a0<a title=\"Google Privacy\" href=\"http:\/\/www.google.com\/policies\/privacy\/\">http:\/\/www.google.com\/policies\/privacy\/<\/a>einsehen.<\/p>\n<p>\u00a0<\/p>\n<h2>Datenerhebung bei Bestellungen<\/h2>\n<p>Wenn Sie Dienstleistungen, Domains oder andere Waren \u00fcber uns bestellen, erfassen wir die folgende Daten zur Abwicklung Ihrer Bestellung, zu Abrechnungszwecken sowie zur Registrierung von Domains und SSL-Zertifikaten bei Lieferanten und Registraren:<\/p>\n<p>\u00a0<\/p>\n<h3>Stammdaten<\/h3>\n<ul>\n<li>Vor- und Zunamen<\/li>\n<li>Geburtsdatum<\/li>\n<li>Anschrift<\/li>\n<li>Postleitzahl, Ort und Land<\/li>\n<li>Telefonnnummer (Festnetz und Mobil)<\/li>\n<li>E-Mail-Adresse f\u00fcr Hauptkontakt<\/li>\n<li>E-Mail-Adresse f\u00fcr Buchhaltungszwecke<\/li>\n<li>Daten zur Zahlungsweise (SEPA-Verbindung, Paypal-Empf\u00e4nger, Rechnung)<\/li>\n<\/ul>\n<p>\u00a0<\/p>\n<p>\u00a0<\/p>\n<h3>Optional erfassen wir folgende Daten<\/h3>\n<ul>\n<li>Firmennamen oder anderen Organisationsnamen (z.B. Verein)<\/li>\n<li>Umsatzsteuer-ID<\/li>\n<li>Faxnummer<\/li>\n<li>SEPA-Lastschriftdaten (Kontoinhaber, IBAN, BIC, Bankname)<\/li>\n<li>Paypal-Rechungsempf\u00e4gner<\/li>\n<\/ul>\n<p>\u00a0<\/p>\n<p>\u00a0<\/p>\n<h3>Weitergabe Ihrer Mobilfunknummer<\/h3>\n<p>F\u00fcr die Verifizierung von Neukunden versenden wir eine SMS mit einem Freischaltcode an eine von Ihnen angegebene Mobilfunknummer oder rufen Sie automatisiert an. Dieser Dienst wird von unserem Vorlieferanten EventVoiceMedia GmbH abgewickelt.<\/p>\n<p>\u00a0<\/p>\n<p>Zu diesem Zwecke \u00fcbertragen wir Ihre Mobilfunknummer \u00fcber eine verschl\u00fcsselte Verbindung an das Dienst-Gateway der EventVoiceMedia GmbH. Die Datenschutzerkl\u00e4rung dieser Firma erhalten Sie unter\u00a0<a href=\"http:\/\/www.smskaufen.com\/Datenschutzerklaerung.pdf\">http:\/\/www.smskaufen.com\/Datenschutzerklaerung.pdf<\/a>. Die EventVoiceMedia GmbH erstellt folgende Datens\u00e4tze und speichert diese f\u00fcr 60 Tage:<\/p>\n<p>\u00a0<\/p>\n<h3>SMS-Daten<\/h3>\n<ul>\n<li>Absender (unsere Rufnummer)<\/li>\n<li>Datum und Zeitstempel<\/li>\n<li>Status<\/li>\n<li>Ihre Mobilfunknummer<\/li>\n<\/ul>\n<p>\u00a0<\/p>\n<h2>Nutzung und Weitergabe personenbezogener Daten an Dritte<\/h2>\n<p>Eine \u00dcbermittlung Ihrer pers\u00f6nlichen Daten an Dritte oder Werbetreibende findet nicht statt. Um Forderungen geltend zu machen, verwenden wir u.a. die Dienste von Inkassounternehmen und leiten dort den Minimalsatz an Daten weiter. F\u00fcr die Abwicklung von Ihren Auftr\u00e4gen \u00fcbermitteln wir das Mindestma\u00df an Daten f\u00fcr die Registrierung von Domains, Bestellungen von Zertifikaten oder anderen Dienstleistungen an notwendige Lieferanten.<\/p>\n<h2>Cookies<\/h2>\n<p>Unsere Webseite verwendet Cookies um den Bestellverlauf zu \u00fcberwachen und Ihre Sitzung im Bestellsystem und im Kundenportal zu erkennen und zu gestalten. Die Cookies enthalten eine Sitzungsnummer mit der Sie aus technischen Gr\u00fcnden f\u00fcr unsere Server eindeutig zu erkennen sind.<\/p>\n<p>Sie k\u00f6nnen alle von uns gesetzten Cookies jederzeit \u00fcber Ihren Browser l\u00f6schen oder die Annahme von Cookies direkt \u00fcber Ihren Browser verweigern. Wir weisen darauf hin, dass eine L\u00f6schung oder Ablehnung sich direkt auf die Funktionalit\u00e4t unserer Bestellsystems und des Kundenportals auswirken kann und ggf. somit in der Funktionalit\u00e4t eingeschr\u00e4nkt bis nicht verwendbar ist.<\/p>\n<h2>Google Fonts<\/h2>\n<p>Unser Kundenportal benutzt das Schriftenverzeichnis der Google Inc. Dabei werden die Schriftarten f\u00fcr ein einheitliches Aussehen \u00fcber ein Content Delivery Network der Google Inc geladen und Ihre IP-Adresse wird an die Google Inc weitergegeben. Die f\u00fcr diesen Webservice geltenden Datenschutzbestimmungen k\u00f6nnen Sie unter\u00a0<a title=\"Google Privacy\" href=\"http:\/\/www.google.com\/policies\/privacy\/\">http:\/\/www.google.com\/policies\/privacy\/<\/a>\u00a0einsehen.<\/p>\n<h2>Sicherheit<\/h2>\n<p>Die Verbindung zur unserer Webseite ist verschl\u00fcsselt. Email-Adressen und Passw\u00f6rter werden zus\u00e4tzlich verschl\u00fcsselt in der Datenbank gespeichert.<\/p>\n<h2>Auskunftsrecht und Kontaktdaten<\/h2>\n<p>Wie gesetzlich vorgeschrieben, steht Ihnen ein Auskunftsrecht der \u00fcber Sie gespeicherten, personenbezogenen Daten und ein Recht auf Berichtigung unrichtiger Daten, Sperrung und L\u00f6schung zu.<\/p>\n<p>Wenn Sie Auskunft erhalten, eine Korrektur oder L\u00f6schung Ihrer Daten beantragen wollen, kontaktieren Sie bitte info ( at ) des-ag.com.<\/p>\n<p>Nutzer des Kundenportals steht es frei, alle Daten (bis auf Firmennamen \/ Kundennamen und Geburtsdatum) Ihres Kundenkontos frei im Kundenportal einzusehen und zu \u00e4ndern.<\/p>\n<h2>G\u00fcltigkeit der Datenschutzerkl\u00e4rung<\/h2>\n<p>Durch Einsatz von neuen Technologien, der Weiterentwicklung unserer Webseiten oder der Einf\u00fchrung von neuen Produkten behalten wir uns eine jederzeit m\u00f6gliche \u00c4nderung dieser Datenschutzerkl\u00e4rung vor.<\/p>\n<h3>Stand dieser Datenschutzerk\u00e4rung: 15.05.2015<\/h3>\t\t\t\t\t\t\t\t<\/div>\n\t\t\t\t\t<\/div>\n\t\t\t\t<\/div>\n\t\t\t\t<\/div>\n\t\t","protected":false},"excerpt":{"rendered":"<p>Datenerhebung und Verarbeitung bei Zugriffen aus dem Internet Beim Besuch auf unserer Webseite speichern unsere Server die Zugriffe in einer Protokollierungsdatei. Folgende Daten werden dabei erfasst und automatisiert nach 72 Stunden gel\u00f6scht: Protokollierungsdatei IPv4-Adresse (anonymisiert), ggf. IPv6-Adresse (anonymisiert) Datum und Uhrzeit des Zugriffs Bezeichnung und URL der Anfrage Angefragte und \u00fcbertragende Menge Status, ob der [&hellip;]<\/p>\n","protected":false},"author":1,"featured_media":0,"parent":0,"menu_order":0,"comment_status":"closed","ping_status":"open","template":"","meta":{"footnotes":""},"class_list":["post-3","page","type-page","status-publish","hentry"],"_links":{"self":[{"href":"https:\/\/des-ag.net\/index.php?rest_route=\/wp\/v2\/pages\/3","targetHints":{"allow":["GET"]}}],"collection":[{"href":"https:\/\/des-ag.net\/index.php?rest_route=\/wp\/v2\/pages"}],"about":[{"href":"https:\/\/des-ag.net\/index.php?rest_route=\/wp\/v2\/types\/page"}],"author":[{"embeddable":true,"href":"https:\/\/des-ag.net\/index.php?rest_route=\/wp\/v2\/users\/1"}],"replies":[{"embeddable":true,"href":"https:\/\/des-ag.net\/index.php?rest_route=%2Fwp%2Fv2%2Fcomments&post=3"}],"version-history":[{"count":12,"href":"https:\/\/des-ag.net\/index.php?rest_route=\/wp\/v2\/pages\/3\/revisions"}],"predecessor-version":[{"id":141,"href":"https:\/\/des-ag.net\/index.php?rest_route=\/wp\/v2\/pages\/3\/revisions\/141"}],"wp:attachment":[{"href":"https:\/\/des-ag.net\/index.php?rest_route=%2Fwp%2Fv2%2Fmedia&parent=3"}],"curies":[{"name":"wp","href":"https:\/\/api.w.org\/{rel}","templated":true}]}}